{"id":10,"date":"2024-02-21T14:21:00","date_gmt":"2024-02-21T13:21:00","guid":{"rendered":"https:\/\/afecod.fr\/?page_id=10"},"modified":"2024-02-23T21:35:09","modified_gmt":"2024-02-23T20:35:09","slug":"beneficiaires","status":"publish","type":"page","link":"https:\/\/www.afecod.fr\/index.php\/beneficiaires\/","title":{"rendered":"B\u00e9n\u00e9ficiaires"},"content":{"rendered":"\n<div class=\"wp-block-cover alignfull is-light\" style=\"min-height:130px;aspect-ratio:unset;\"><span aria-hidden=\"true\" class=\"wp-block-cover__background has-nv-site-bg-background-color has-background-dim-100 has-background-dim\"><\/span><div class=\"wp-block-cover__inner-container is-layout-flow wp-block-cover-is-layout-flow\">\n<div class=\"wp-block-group\"><div class=\"wp-block-group__inner-container is-layout-flow wp-block-group-is-layout-flow\">\n<h1 class=\"wp-block-heading has-text-align-left has-neve-text-color-color has-text-color\">B\u00e9n\u00e9ficiaires<\/h1>\n<\/div><\/div>\n<\/div><\/div>\n\n\n\n<div class=\"wp-block-cover alignfull is-light\" style=\"min-height:600px;aspect-ratio:unset;\"><span aria-hidden=\"true\" class=\"wp-block-cover__background has-nv-light-bg-background-color has-background-dim-100 has-background-dim\"><\/span><div class=\"wp-block-cover__inner-container is-layout-flow wp-block-cover-is-layout-flow\">\n<div class=\"wp-block-group\"><div class=\"wp-block-group__inner-container is-layout-flow wp-block-group-is-layout-flow\">\n<div style=\"height:80px\" aria-hidden=\"true\" class=\"wp-block-spacer\"><\/div>\n\n\n\n<div class=\"wp-block-columns are-vertically-aligned-center is-layout-flex wp-container-core-columns-is-layout-1 wp-block-columns-is-layout-flex\">\n<div class=\"wp-block-column is-vertically-aligned-center is-layout-flow wp-block-column-is-layout-flow\" style=\"flex-basis:50%\">\n<figure class=\"wp-block-image size-large\"><img loading=\"lazy\" decoding=\"async\" width=\"1024\" height=\"640\" src=\"https:\/\/www.afecod.fr\/wp-content\/uploads\/2024\/02\/environnement-1-1024x640.webp\" alt=\"\" class=\"wp-image-120\" srcset=\"https:\/\/www.afecod.fr\/wp-content\/uploads\/2024\/02\/environnement-1-1024x640.webp 1024w, https:\/\/www.afecod.fr\/wp-content\/uploads\/2024\/02\/environnement-1-300x188.webp 300w, https:\/\/www.afecod.fr\/wp-content\/uploads\/2024\/02\/environnement-1-768x480.webp 768w, https:\/\/www.afecod.fr\/wp-content\/uploads\/2024\/02\/environnement-1-1536x960.webp 1536w, https:\/\/www.afecod.fr\/wp-content\/uploads\/2024\/02\/environnement-1.webp 1800w\" sizes=\"(max-width: 1024px) 100vw, 1024px\" \/><\/figure>\n\n\n\n<div style=\"height:24px\" aria-hidden=\"true\" class=\"wp-block-spacer\"><\/div>\n\n\n\n<h3 class=\"wp-block-heading has-text-align-center has-neve-text-color-color has-text-color\">Nature<\/h3>\n\n\n\n<p class=\"has-text-align-center has-neve-text-color-color has-text-color\">Les b\u00e9n\u00e9ficiaires des activit\u00e9s de reboisement men\u00e9es par Afecode sont principalement les communaut\u00e9s locales vivant autour des parcs et r\u00e9serves naturelles. Gr\u00e2ce \u00e0 ces programmes, ces communaut\u00e9s participent activement \u00e0 la restauration des \u00e9cosyst\u00e8mes forestiers, ce qui entra\u00eene une am\u00e9lioration de la qualit\u00e9 de l&rsquo;air, la pr\u00e9servation de la biodiversit\u00e9 et la protection des sols contre l&rsquo;\u00e9rosion.<\/p>\n\n\n\n<div style=\"height:40px\" aria-hidden=\"true\" class=\"wp-block-spacer\"><\/div>\n<\/div>\n\n\n\n<div class=\"wp-block-column is-vertically-aligned-center is-layout-flow wp-block-column-is-layout-flow\" style=\"flex-basis:50%\">\n<figure class=\"wp-block-image size-full is-resized\"><img loading=\"lazy\" decoding=\"async\" width=\"664\" height=\"443\" src=\"https:\/\/www.afecod.fr\/wp-content\/uploads\/2024\/02\/Droits-des-femmes_afecod.jpg\" alt=\"\" class=\"wp-image-121\" style=\"width:540px;height:auto\" srcset=\"https:\/\/www.afecod.fr\/wp-content\/uploads\/2024\/02\/Droits-des-femmes_afecod.jpg 664w, https:\/\/www.afecod.fr\/wp-content\/uploads\/2024\/02\/Droits-des-femmes_afecod-300x200.jpg 300w\" sizes=\"(max-width: 664px) 100vw, 664px\" \/><\/figure>\n\n\n\n<p><\/p>\n\n\n\n<h3 class=\"wp-block-heading has-text-align-center has-neve-text-color-color has-text-color\"><strong>Femmes victimes de violences<\/strong><\/h3>\n\n\n\n<p class=\"has-text-align-center has-neve-text-color-color has-text-color\">Afecode intervient en faveur des femmes victimes de viol et de violence \u00e0 l&rsquo;Est de la RDC en leur fournissant un soutien psychosocial, juridique et \u00e9conomique. Les programmes de l&rsquo;organisation visent \u00e0 autonomiser ces femmes en leur offrant un acc\u00e8s \u00e0 des services de sant\u00e9, une assistance juridique pour obtenir justice, ainsi que des programmes de formation et de r\u00e9insertion pour favoriser leur ind\u00e9pendance \u00e9conomique et sociale.<\/p>\n\n\n\n<div style=\"height:40px\" aria-hidden=\"true\" class=\"wp-block-spacer\"><\/div>\n<\/div>\n<\/div>\n\n\n\n<div style=\"height:40px\" aria-hidden=\"true\" class=\"wp-block-spacer\"><\/div>\n<\/div><\/div>\n<\/div><\/div>\n\n\n\n<div class=\"wp-block-cover alignfull is-light\" style=\"min-height:600px;aspect-ratio:unset;\"><span aria-hidden=\"true\" class=\"wp-block-cover__background has-nv-site-bg-background-color has-background-dim-100 has-background-dim\"><\/span><div class=\"wp-block-cover__inner-container is-layout-flow wp-block-cover-is-layout-flow\">\n<div class=\"wp-block-group\"><div class=\"wp-block-group__inner-container is-layout-flow wp-block-group-is-layout-flow\">\n<div style=\"height:80px\" aria-hidden=\"true\" class=\"wp-block-spacer\"><\/div>\n\n\n\n<div class=\"wp-block-columns are-vertically-aligned-center is-layout-flex wp-container-core-columns-is-layout-2 wp-block-columns-is-layout-flex\">\n<div class=\"wp-block-column is-vertically-aligned-center is-layout-flow wp-block-column-is-layout-flow\" style=\"flex-basis:50%\">\n<figure class=\"wp-block-image size-full\"><img loading=\"lazy\" decoding=\"async\" width=\"940\" height=\"529\" src=\"https:\/\/www.afecod.fr\/wp-content\/uploads\/2024\/02\/authochtone-_rd.congo_afecod.jpg\" alt=\"\" class=\"wp-image-122\" srcset=\"https:\/\/www.afecod.fr\/wp-content\/uploads\/2024\/02\/authochtone-_rd.congo_afecod.jpg 940w, https:\/\/www.afecod.fr\/wp-content\/uploads\/2024\/02\/authochtone-_rd.congo_afecod-300x169.jpg 300w, https:\/\/www.afecod.fr\/wp-content\/uploads\/2024\/02\/authochtone-_rd.congo_afecod-768x432.jpg 768w\" sizes=\"(max-width: 940px) 100vw, 940px\" \/><\/figure>\n\n\n\n<div style=\"height:24px\" aria-hidden=\"true\" class=\"wp-block-spacer\"><\/div>\n\n\n\n<h3 class=\"wp-block-heading has-text-align-center has-neve-text-color-color has-text-color\"><strong>Populations autochtones<\/strong><\/h3>\n\n\n\n<p class=\"has-text-align-center has-neve-text-color-color has-text-color\">Les populations autochtones vivant autour des parcs et aires prot\u00e9g\u00e9es b\u00e9n\u00e9ficient des initiatives d&rsquo;Afecode visant \u00e0 prot\u00e9ger leurs droits territoriaux, \u00e0 pr\u00e9server leur mode de vie traditionnel et \u00e0 promouvoir le dialogue interculturel. L&rsquo;organisation travaille en collaboration avec ces populations pour renforcer leurs capacit\u00e9s, pr\u00e9server leurs connaissances traditionnelles et garantir leur participation \u00e0 la gestion durable des ressources naturelles.<\/p>\n\n\n\n<div style=\"height:40px\" aria-hidden=\"true\" class=\"wp-block-spacer\"><\/div>\n<\/div>\n\n\n\n<div class=\"wp-block-column is-vertically-aligned-center is-layout-flow wp-block-column-is-layout-flow\" style=\"flex-basis:50%\">\n<figure class=\"wp-block-image size-large is-resized\"><img loading=\"lazy\" decoding=\"async\" width=\"1024\" height=\"686\" src=\"https:\/\/www.afecod.fr\/wp-content\/uploads\/2024\/02\/Doumenge-Elephants-PNNouabale-Ndoki2-1024x686.jpg\" alt=\"\" class=\"wp-image-124\" style=\"width:552px;height:auto\" srcset=\"https:\/\/www.afecod.fr\/wp-content\/uploads\/2024\/02\/Doumenge-Elephants-PNNouabale-Ndoki2-1024x686.jpg 1024w, https:\/\/www.afecod.fr\/wp-content\/uploads\/2024\/02\/Doumenge-Elephants-PNNouabale-Ndoki2-300x201.jpg 300w, https:\/\/www.afecod.fr\/wp-content\/uploads\/2024\/02\/Doumenge-Elephants-PNNouabale-Ndoki2-768x514.jpg 768w, https:\/\/www.afecod.fr\/wp-content\/uploads\/2024\/02\/Doumenge-Elephants-PNNouabale-Ndoki2.jpg 1160w\" sizes=\"(max-width: 1024px) 100vw, 1024px\" \/><\/figure>\n\n\n\n<div style=\"height:24px\" aria-hidden=\"true\" class=\"wp-block-spacer\"><\/div>\n\n\n\n<h3 class=\"wp-block-heading has-text-align-center has-neve-text-color-color has-text-color\"><strong>Environnement et climat<\/strong><\/h3>\n\n\n\n<p class=\"has-text-align-center has-neve-text-color-color has-text-color\">Les b\u00e9n\u00e9ficiaires des actions d&rsquo;Afecode en faveur de l&rsquo;environnement et du climat sont multiples, incluant \u00e0 la fois les populations locales et la plan\u00e8te dans son ensemble. Les initiatives de conservation de la biodiversit\u00e9, de lutte contre la d\u00e9forestation, de promotion des \u00e9nergies renouvelables et d&rsquo;adaptation aux changements climatiques contribuent \u00e0 pr\u00e9server les \u00e9cosyst\u00e8mes, \u00e0 att\u00e9nuer les effets du changement climatique et \u00e0 garantir un avenir durable pour les g\u00e9n\u00e9rations futures.<\/p>\n\n\n\n<div style=\"height:40px\" aria-hidden=\"true\" class=\"wp-block-spacer\"><\/div>\n<\/div>\n<\/div>\n\n\n\n<div style=\"height:40px\" aria-hidden=\"true\" class=\"wp-block-spacer\"><\/div>\n<\/div><\/div>\n<\/div><\/div>\n\n\n\n<div class=\"wp-block-cover alignfull is-light\" style=\"min-height:300px;aspect-ratio:unset;\"><span aria-hidden=\"true\" class=\"wp-block-cover__background has-nv-dark-bg-background-color has-background-dim-100 has-background-dim\"><\/span><div class=\"wp-block-cover__inner-container is-layout-flow wp-block-cover-is-layout-flow\">\n<div style=\"height:80px\" aria-hidden=\"true\" class=\"wp-block-spacer\"><\/div>\n\n\n<div class=\"wp-block-image is-style-rounded\">\n<figure class=\"aligncenter size-full is-resized\"><img decoding=\"async\" src=\"https:\/\/www.afecod.fr\/wp-content\/uploads\/2024\/02\/foto_0000000120181120111923.jpg\" alt=\"\" class=\"wp-image-127\" style=\"aspect-ratio:1;width:108px;height:auto\"\/><\/figure><\/div>\n\n\n<div style=\"height:24px\" aria-hidden=\"true\" class=\"wp-block-spacer\"><\/div>\n\n\n\n<p class=\"has-text-align-center has-nv-text-dark-bg-color has-text-color\">\u201c<a href=\"https:\/\/www.cnbc.com\/2020\/01\/15\/jeff-bezos-anyone-who-denies-climate-change-is-not-being-reasonable.html\" title=\"\">Anyone who denies reality of climate change is &lsquo;not being reasonable<\/a>&lsquo;\u201d<\/p>\n\n\n\n<p class=\"has-text-align-center has-nv-text-dark-bg-color has-text-color\" style=\"font-size:14px\">Jeff Bezos<\/p>\n\n\n\n<div style=\"height:80px\" aria-hidden=\"true\" class=\"wp-block-spacer\"><\/div>\n<\/div><\/div>\n","protected":false},"excerpt":{"rendered":"","protected":false},"author":1,"featured_media":0,"parent":0,"menu_order":0,"comment_status":"closed","ping_status":"closed","template":"","meta":{"om_disable_all_campaigns":false,"_monsterinsights_skip_tracking":false,"_monsterinsights_sitenote_active":false,"_monsterinsights_sitenote_note":"","_monsterinsights_sitenote_category":0,"neve_meta_sidebar":"","neve_meta_container":"","neve_meta_enable_content_width":"on","neve_meta_content_width":100,"neve_meta_title_alignment":"","neve_meta_author_avatar":"","neve_post_elements_order":"","neve_meta_disable_header":"","neve_meta_disable_footer":"","neve_meta_disable_title":"on","footnotes":""},"aioseo_notices":[],"_links":{"self":[{"href":"https:\/\/www.afecod.fr\/index.php\/wp-json\/wp\/v2\/pages\/10"}],"collection":[{"href":"https:\/\/www.afecod.fr\/index.php\/wp-json\/wp\/v2\/pages"}],"about":[{"href":"https:\/\/www.afecod.fr\/index.php\/wp-json\/wp\/v2\/types\/page"}],"author":[{"embeddable":true,"href":"https:\/\/www.afecod.fr\/index.php\/wp-json\/wp\/v2\/users\/1"}],"replies":[{"embeddable":true,"href":"https:\/\/www.afecod.fr\/index.php\/wp-json\/wp\/v2\/comments?post=10"}],"version-history":[{"count":5,"href":"https:\/\/www.afecod.fr\/index.php\/wp-json\/wp\/v2\/pages\/10\/revisions"}],"predecessor-version":[{"id":128,"href":"https:\/\/www.afecod.fr\/index.php\/wp-json\/wp\/v2\/pages\/10\/revisions\/128"}],"wp:attachment":[{"href":"https:\/\/www.afecod.fr\/index.php\/wp-json\/wp\/v2\/media?parent=10"}],"curies":[{"name":"wp","href":"https:\/\/api.w.org\/{rel}","templated":true}]}}