{"id":2,"date":"2024-02-21T12:52:43","date_gmt":"2024-02-21T11:52:43","guid":{"rendered":"http:\/\/afecod.fr\/?page_id=2"},"modified":"2024-02-28T11:49:33","modified_gmt":"2024-02-28T10:49:33","slug":"notre-mission-environnementale","status":"publish","type":"page","link":"https:\/\/www.afecod.fr\/index.php\/notre-mission-environnementale\/","title":{"rendered":"Notre Mission Environnementale"},"content":{"rendered":"\n<figure class=\"wp-block-image size-full is-resized\"><img loading=\"lazy\" decoding=\"async\" width=\"980\" height=\"368\" src=\"https:\/\/afecod.fr\/wp-content\/uploads\/2024\/02\/kahuziBiega_Afecod-bukavu.jpg\" alt=\"\" class=\"wp-image-62\" style=\"width:1168px;height:auto\" srcset=\"https:\/\/www.afecod.fr\/wp-content\/uploads\/2024\/02\/kahuziBiega_Afecod-bukavu.jpg 980w, https:\/\/www.afecod.fr\/wp-content\/uploads\/2024\/02\/kahuziBiega_Afecod-bukavu-300x113.jpg 300w, https:\/\/www.afecod.fr\/wp-content\/uploads\/2024\/02\/kahuziBiega_Afecod-bukavu-768x288.jpg 768w\" sizes=\"(max-width: 980px) 100vw, 980px\" \/><\/figure>\n\n\n<div class=\"wp-block-image\">\n<figure class=\"alignright size-full\"><img loading=\"lazy\" decoding=\"async\" width=\"612\" height=\"407\" src=\"http:\/\/afecod.fr\/wp-content\/uploads\/2024\/02\/istockphoto-1319013326-612x612-1.jpg\" alt=\"\" class=\"wp-image-31\" srcset=\"https:\/\/www.afecod.fr\/wp-content\/uploads\/2024\/02\/istockphoto-1319013326-612x612-1.jpg 612w, https:\/\/www.afecod.fr\/wp-content\/uploads\/2024\/02\/istockphoto-1319013326-612x612-1-300x200.jpg 300w\" sizes=\"(max-width: 612px) 100vw, 612px\" \/><\/figure><\/div>\n\n\n<p><strong>Protection des Aires Prot\u00e9g\u00e9es<\/strong> : <a href=\"https:\/\/www.afecod.fr\/index.php\/contact\/\" title=\"\">AFECOD <\/a>joue un r\u00f4le actif dans la protection des aires prot\u00e9g\u00e9es telles que le<a href=\"https:\/\/www.kahuzi-biega.com\/\" target=\"_blank\" rel=\"noopener\" title=\"\"> Parc National de Kahuzi-Biega<\/a>. Nous travaillons en \u00e9troite collaboration avec les autorit\u00e9s locales et les communaut\u00e9s pour surveiller et pr\u00e9server ces zones vitales pour la biodiversit\u00e9.<\/p>\n\n\n\n<p><strong>Accompagnement des Populations Autochtones<\/strong> : Nous soutenons activement les populations autochtones vivant autour des parcs nationaux en les aidant \u00e0 d\u00e9velopper des pratiques durables de gestion des <a href=\"https:\/\/www.iisd.org\/system\/files\/publications\/conflict_kahuzi_biega_park.pdf\" title=\"\">ressources naturelles<\/a>. Nous les impliquons \u00e9galement dans la prise de d\u00e9cisions concernant la conservation de leur environnement.<\/p>\n\n\n\n<p><strong>Reboisement des Zones D\u00e9bois\u00e9es<\/strong> : Face \u00e0 la menace de la d\u00e9forestation, AFECOD m\u00e8ne des projets de reboisement pour restaurer les \u00e9cosyst\u00e8mes d\u00e9grad\u00e9s. Nous travaillons avec les communaut\u00e9s locales pour planter des arbres indig\u00e8nes et restaurer la biodiversit\u00e9 dans les zones touch\u00e9es.<\/p>\n\n\n\n<p><strong>Sensibilisation \u00e0 la D\u00e9forestation<\/strong> : Nous menons des campagnes de sensibilisation pour informer les populations sur les dangers de la d\u00e9forestation et les inciter \u00e0 adopter des pratiques de gestion foresti\u00e8re durable. Nous mettons en lumi\u00e8re les liens entre la d\u00e9forestation, le changement climatique et la perte de biodiversit\u00e9.<\/p>\n\n\n\n<p><strong>Projets de Reboisement<\/strong> : AFECOD met en \u0153uvre des projets concrets de reboisement, visant \u00e0 restaurer les \u00e9cosyst\u00e8mes forestiers et \u00e0 att\u00e9nuer les effets n\u00e9fastes de la d\u00e9forestation. Ces projets offrent \u00e9galement des opportunit\u00e9s \u00e9conomiques aux communaut\u00e9s locales, renfor\u00e7ant ainsi leur r\u00e9silience.<\/p>\n\n\n","protected":false},"excerpt":{"rendered":"<p>Protection des Aires Prot\u00e9g\u00e9es : AFECOD joue un r\u00f4le actif dans la protection des aires prot\u00e9g\u00e9es telles que le Parc National de Kahuzi-Biega. Nous travaillons en \u00e9troite collaboration avec les autorit\u00e9s locales et les communaut\u00e9s pour surveiller et pr\u00e9server ces zones vitales pour la biodiversit\u00e9. Accompagnement des Populations Autochtones : Nous soutenons activement les populations&hellip;&nbsp;<a href=\"https:\/\/www.afecod.fr\/index.php\/notre-mission-environnementale\/\" class=\"\" rel=\"bookmark\">Lire la suite &raquo;<span class=\"screen-reader-text\">Notre Mission Environnementale<\/span><\/a><\/p>\n","protected":false},"author":1,"featured_media":0,"parent":0,"menu_order":0,"comment_status":"closed","ping_status":"closed","template":"","meta":{"om_disable_all_campaigns":false,"_monsterinsights_skip_tracking":false,"_monsterinsights_sitenote_active":false,"_monsterinsights_sitenote_note":"","_monsterinsights_sitenote_category":0,"neve_meta_sidebar":"","neve_meta_container":"","neve_meta_enable_content_width":"","neve_meta_content_width":0,"neve_meta_title_alignment":"","neve_meta_author_avatar":"","neve_post_elements_order":"","neve_meta_disable_header":"","neve_meta_disable_footer":"","neve_meta_disable_title":"","footnotes":""},"aioseo_notices":[],"_links":{"self":[{"href":"https:\/\/www.afecod.fr\/index.php\/wp-json\/wp\/v2\/pages\/2"}],"collection":[{"href":"https:\/\/www.afecod.fr\/index.php\/wp-json\/wp\/v2\/pages"}],"about":[{"href":"https:\/\/www.afecod.fr\/index.php\/wp-json\/wp\/v2\/types\/page"}],"author":[{"embeddable":true,"href":"https:\/\/www.afecod.fr\/index.php\/wp-json\/wp\/v2\/users\/1"}],"replies":[{"embeddable":true,"href":"https:\/\/www.afecod.fr\/index.php\/wp-json\/wp\/v2\/comments?post=2"}],"version-history":[{"count":2,"href":"https:\/\/www.afecod.fr\/index.php\/wp-json\/wp\/v2\/pages\/2\/revisions"}],"predecessor-version":[{"id":192,"href":"https:\/\/www.afecod.fr\/index.php\/wp-json\/wp\/v2\/pages\/2\/revisions\/192"}],"wp:attachment":[{"href":"https:\/\/www.afecod.fr\/index.php\/wp-json\/wp\/v2\/media?parent=2"}],"curies":[{"name":"wp","href":"https:\/\/api.w.org\/{rel}","templated":true}]}}