{"id":69,"date":"2024-02-21T22:26:29","date_gmt":"2024-02-21T21:26:29","guid":{"rendered":"https:\/\/afecod.fr\/?page_id=69"},"modified":"2024-02-28T12:12:28","modified_gmt":"2024-02-28T11:12:28","slug":"mission-de-soutien-aux-autochtones-et-aux-femmes-victimes-de-violences-sexuelles","status":"publish","type":"page","link":"https:\/\/www.afecod.fr\/index.php\/mission-de-soutien-aux-autochtones-et-aux-femmes-victimes-de-violences-sexuelles\/","title":{"rendered":"Mission de Soutien aux Autochtones et aux Femmes Victimes de Violences Sexuelles"},"content":{"rendered":"\n<p><strong><mark style=\"background-color:rgba(0, 0, 0, 0)\" class=\"has-inline-color has-nv-dark-bg-color\"><strong>Soutien aux Populations Autochtones<\/strong><\/mark><\/strong> <\/p>\n\n\n\n<p>Nous \u0153uvrons pour prot\u00e9ger les droits et les int\u00e9r\u00eats des populations autochtones vivant dans les r\u00e9gions environnementales sensibles. En travaillant en partenariat avec ces communaut\u00e9s, nous les aidons \u00e0 pr\u00e9server leur culture, leurs traditions et leurs moyens de subsistance.<\/p>\n\n\n\n<div class=\"wp-block-columns is-layout-flex wp-container-core-columns-is-layout-1 wp-block-columns-is-layout-flex\">\n<div class=\"wp-block-column is-layout-flow wp-block-column-is-layout-flow\" style=\"flex-basis:100%\">\n<figure class=\"wp-block-gallery alignwide has-nested-images columns-default is-cropped wp-block-gallery-1 is-layout-flex wp-block-gallery-is-layout-flex\">\n<figure class=\"wp-block-image size-full\"><img loading=\"lazy\" decoding=\"async\" width=\"976\" height=\"549\" src=\"https:\/\/www.afecod.fr\/wp-content\/uploads\/2024\/02\/viol-fait-aux-femme_afecod_RDC-CONGO.jpg\" alt=\"\" class=\"wp-image-149\" srcset=\"https:\/\/www.afecod.fr\/wp-content\/uploads\/2024\/02\/viol-fait-aux-femme_afecod_RDC-CONGO.jpg 976w, https:\/\/www.afecod.fr\/wp-content\/uploads\/2024\/02\/viol-fait-aux-femme_afecod_RDC-CONGO-300x169.jpg 300w, https:\/\/www.afecod.fr\/wp-content\/uploads\/2024\/02\/viol-fait-aux-femme_afecod_RDC-CONGO-768x432.jpg 768w\" sizes=\"(max-width: 976px) 100vw, 976px\" \/><\/figure>\n\n\n\n<figure class=\"wp-block-image size-full\"><img loading=\"lazy\" decoding=\"async\" width=\"664\" height=\"443\" src=\"https:\/\/www.afecod.fr\/wp-content\/uploads\/2024\/02\/Droits-des-femmes_afecod.jpg\" alt=\"\" class=\"wp-image-121\" srcset=\"https:\/\/www.afecod.fr\/wp-content\/uploads\/2024\/02\/Droits-des-femmes_afecod.jpg 664w, https:\/\/www.afecod.fr\/wp-content\/uploads\/2024\/02\/Droits-des-femmes_afecod-300x200.jpg 300w\" sizes=\"(max-width: 664px) 100vw, 664px\" \/><\/figure>\n<\/figure>\n<\/div>\n<\/div>\n\n\n\n<div class=\"wp-block-columns alignfull has-text-color has-background is-layout-flex wp-container-core-columns-is-layout-2 wp-block-columns-is-layout-flex\" style=\"color:#000000;background-color:#ffffff\">\n<div class=\"wp-block-column is-layout-flow wp-block-column-is-layout-flow\">\n<h3 class=\"wp-block-heading\" style=\"font-size:24px;line-height:1.3\"><strong><mark style=\"background-color:rgba(0, 0, 0, 0)\" class=\"has-inline-color has-nv-dark-bg-color\">Autonomisation des Femmes<\/mark><\/strong><\/h3>\n\n\n\n<p>Nous sommes d\u00e9termin\u00e9s \u00e0 autonomiser les femmes victimes de violences sexuelles en leur offrant un soutien complet pour leur r\u00e9tablissement. Nous leur fournissons un acc\u00e8s \u00e0 des services de sant\u00e9, des conseils juridiques, une \u00e9ducation et des opportunit\u00e9s \u00e9conomiques afin qu&rsquo;elles puissent reconstruire leur vie avec dignit\u00e9 et confiance.<\/p>\n<\/div>\n\n\n\n<div class=\"wp-block-column is-layout-flow wp-block-column-is-layout-flow\">\n<h3 class=\"wp-block-heading\" style=\"font-size:24px;line-height:1.3\"><strong><strong>R\u00e9insertion Sociale<\/strong> <\/strong><\/h3>\n\n\n\n<p>Nous travaillons \u00e9troitement avec les communaut\u00e9s locales pour favoriser la r\u00e9insertion sociale des femmes victimes de violences sexuelles. Nous sensibilisons sur les questions de stigmatisation et de discrimination, encourageant ainsi l&rsquo;inclusion et le soutien des survivantes dans leur environnement familial et communautaire.<\/p>\n<\/div>\n\n\n\n<div class=\"wp-block-column is-layout-flow wp-block-column-is-layout-flow\">\n<h3 class=\"wp-block-heading\" style=\"font-size:24px;line-height:1.3\"><strong><strong>Pr\u00e9vention des Violences Sexuelles<\/strong><\/strong><\/h3>\n\n\n\n<p>Nous menons des campagnes de sensibilisation pour pr\u00e9venir les violences sexuelles et promouvoir des relations respectueuses et \u00e9galitaires entre les sexes. Nous formons \u00e9galement les membres des communaut\u00e9s sur la reconnaissance des signes de violence et sur les actions \u00e0 entreprendre pour y mettre fin.<\/p>\n<\/div>\n<\/div>\n\n\n\n<div class=\"wp-block-columns is-layout-flex wp-container-core-columns-is-layout-3 wp-block-columns-is-layout-flex\">\n<div class=\"wp-block-column is-layout-flow wp-block-column-is-layout-flow\">\n<figure class=\"wp-block-image alignfull size-large\"><img loading=\"lazy\" decoding=\"async\" width=\"1024\" height=\"768\" src=\"https:\/\/www.afecod.fr\/wp-content\/uploads\/2024\/02\/afecod54-1024x768.jpg\" alt=\"\" class=\"wp-image-205\" srcset=\"https:\/\/www.afecod.fr\/wp-content\/uploads\/2024\/02\/afecod54-1024x768.jpg 1024w, https:\/\/www.afecod.fr\/wp-content\/uploads\/2024\/02\/afecod54-300x225.jpg 300w, https:\/\/www.afecod.fr\/wp-content\/uploads\/2024\/02\/afecod54-768x576.jpg 768w, https:\/\/www.afecod.fr\/wp-content\/uploads\/2024\/02\/afecod54.jpg 1080w\" sizes=\"(max-width: 1024px) 100vw, 1024px\" \/><\/figure>\n<\/div>\n\n\n\n<div class=\"wp-block-column is-layout-flow wp-block-column-is-layout-flow\"><div class=\"wp-block-image\">\n<figure class=\"aligncenter size-large is-resized\"><img loading=\"lazy\" decoding=\"async\" width=\"1024\" height=\"575\" src=\"https:\/\/www.afecod.fr\/wp-content\/uploads\/2024\/02\/IMG-20160525-WA0006-2-1024x575.jpg\" alt=\"\" class=\"wp-image-207\" style=\"width:374px;height:auto\" srcset=\"https:\/\/www.afecod.fr\/wp-content\/uploads\/2024\/02\/IMG-20160525-WA0006-2-1024x575.jpg 1024w, https:\/\/www.afecod.fr\/wp-content\/uploads\/2024\/02\/IMG-20160525-WA0006-2-300x169.jpg 300w, https:\/\/www.afecod.fr\/wp-content\/uploads\/2024\/02\/IMG-20160525-WA0006-2-768x431.jpg 768w, https:\/\/www.afecod.fr\/wp-content\/uploads\/2024\/02\/IMG-20160525-WA0006-2.jpg 1280w\" sizes=\"(max-width: 1024px) 100vw, 1024px\" \/><\/figure><\/div><\/div>\n\n\n\n<div class=\"wp-block-column is-vertically-aligned-center is-layout-flow wp-block-column-is-layout-flow\">\n<h3 class=\"wp-block-heading\"><strong>Plaidoyer et Sensibilisation<\/strong><\/h3>\n\n\n\n<p>Nous plaidons pour une meilleure protection des droits des femmes et des peuples autochtones aupr\u00e8s des autorit\u00e9s locales, nationales et internationales. Nous sensibilisons \u00e9galement le public sur les d\u00e9fis auxquels sont confront\u00e9es ces populations et sur l&rsquo;importance de leur soutien et de leur solidarit\u00e9.<\/p>\n<\/div>\n<\/div>\n\n\n\n<p> : <\/p>\n\n\n\n<p><\/p>\n\n\n\n<p><\/p>\n","protected":false},"excerpt":{"rendered":"<p>Soutien aux Populations Autochtones Nous \u0153uvrons pour prot\u00e9ger les droits et les int\u00e9r\u00eats des populations autochtones vivant dans les r\u00e9gions environnementales sensibles. En travaillant en partenariat avec ces communaut\u00e9s, nous les aidons \u00e0 pr\u00e9server leur culture, leurs traditions et leurs moyens de subsistance. Autonomisation des Femmes Nous sommes d\u00e9termin\u00e9s \u00e0 autonomiser les femmes victimes de&hellip;&nbsp;<a href=\"https:\/\/www.afecod.fr\/index.php\/mission-de-soutien-aux-autochtones-et-aux-femmes-victimes-de-violences-sexuelles\/\" class=\"\" rel=\"bookmark\">Lire la suite &raquo;<span class=\"screen-reader-text\">Mission de Soutien aux Autochtones et aux Femmes Victimes de Violences Sexuelles<\/span><\/a><\/p>\n","protected":false},"author":1,"featured_media":0,"parent":0,"menu_order":0,"comment_status":"closed","ping_status":"closed","template":"","meta":{"om_disable_all_campaigns":false,"_monsterinsights_skip_tracking":false,"_monsterinsights_sitenote_active":false,"_monsterinsights_sitenote_note":"","_monsterinsights_sitenote_category":0,"neve_meta_sidebar":"","neve_meta_container":"","neve_meta_enable_content_width":"","neve_meta_content_width":0,"neve_meta_title_alignment":"","neve_meta_author_avatar":"","neve_post_elements_order":"","neve_meta_disable_header":"","neve_meta_disable_footer":"","neve_meta_disable_title":"","footnotes":""},"aioseo_notices":[],"_links":{"self":[{"href":"https:\/\/www.afecod.fr\/index.php\/wp-json\/wp\/v2\/pages\/69"}],"collection":[{"href":"https:\/\/www.afecod.fr\/index.php\/wp-json\/wp\/v2\/pages"}],"about":[{"href":"https:\/\/www.afecod.fr\/index.php\/wp-json\/wp\/v2\/types\/page"}],"author":[{"embeddable":true,"href":"https:\/\/www.afecod.fr\/index.php\/wp-json\/wp\/v2\/users\/1"}],"replies":[{"embeddable":true,"href":"https:\/\/www.afecod.fr\/index.php\/wp-json\/wp\/v2\/comments?post=69"}],"version-history":[{"count":6,"href":"https:\/\/www.afecod.fr\/index.php\/wp-json\/wp\/v2\/pages\/69\/revisions"}],"predecessor-version":[{"id":208,"href":"https:\/\/www.afecod.fr\/index.php\/wp-json\/wp\/v2\/pages\/69\/revisions\/208"}],"wp:attachment":[{"href":"https:\/\/www.afecod.fr\/index.php\/wp-json\/wp\/v2\/media?parent=69"}],"curies":[{"name":"wp","href":"https:\/\/api.w.org\/{rel}","templated":true}]}}